{"id":23417,"date":"2020-03-25T07:40:17","date_gmt":"2020-03-25T07:40:17","guid":{"rendered":"https:\/\/www.brigattitraduzioni.it\/blog\/"},"modified":"2021-06-29T07:33:45","modified_gmt":"2021-06-29T07:33:45","slug":"blog","status":"publish","type":"page","link":"https:\/\/www.brigattitraduzioni.it\/de\/blog\/","title":{"rendered":"Blog"},"content":{"rendered":"\t\t<div data-elementor-type=\"wp-page\" data-elementor-id=\"23417\" class=\"elementor elementor-23417\">\n\t\t\t\t\t\t<section class=\"elementor-section elementor-top-section elementor-element elementor-element-0f45212 elementor-section-boxed elementor-section-height-default elementor-section-height-default\" data-id=\"0f45212\" data-element_type=\"section\" data-settings=\"{&quot;jet_parallax_layout_list&quot;:[{&quot;jet_parallax_layout_image&quot;:{&quot;url&quot;:&quot;&quot;,&quot;id&quot;:&quot;&quot;,&quot;size&quot;:&quot;&quot;},&quot;_id&quot;:&quot;6c3c446&quot;,&quot;jet_parallax_layout_image_tablet&quot;:{&quot;url&quot;:&quot;&quot;,&quot;id&quot;:&quot;&quot;,&quot;size&quot;:&quot;&quot;},&quot;jet_parallax_layout_image_mobile&quot;:{&quot;url&quot;:&quot;&quot;,&quot;id&quot;:&quot;&quot;,&quot;size&quot;:&quot;&quot;},&quot;jet_parallax_layout_speed&quot;:{&quot;unit&quot;:&quot;%&quot;,&quot;size&quot;:50,&quot;sizes&quot;:[]},&quot;jet_parallax_layout_type&quot;:&quot;scroll&quot;,&quot;jet_parallax_layout_direction&quot;:null,&quot;jet_parallax_layout_fx_direction&quot;:null,&quot;jet_parallax_layout_z_index&quot;:&quot;&quot;,&quot;jet_parallax_layout_bg_x&quot;:50,&quot;jet_parallax_layout_bg_x_tablet&quot;:&quot;&quot;,&quot;jet_parallax_layout_bg_x_mobile&quot;:&quot;&quot;,&quot;jet_parallax_layout_bg_y&quot;:50,&quot;jet_parallax_layout_bg_y_tablet&quot;:&quot;&quot;,&quot;jet_parallax_layout_bg_y_mobile&quot;:&quot;&quot;,&quot;jet_parallax_layout_bg_size&quot;:&quot;auto&quot;,&quot;jet_parallax_layout_bg_size_tablet&quot;:&quot;&quot;,&quot;jet_parallax_layout_bg_size_mobile&quot;:&quot;&quot;,&quot;jet_parallax_layout_animation_prop&quot;:&quot;transform&quot;,&quot;jet_parallax_layout_on&quot;:[&quot;desktop&quot;,&quot;tablet&quot;]}]}\">\n\t\t\t\t\t\t<div class=\"elementor-container elementor-column-gap-default\">\n\t\t\t\t\t<div class=\"elementor-column elementor-col-100 elementor-top-column elementor-element elementor-element-af4ee5c\" data-id=\"af4ee5c\" data-element_type=\"column\">\n\t\t\t<div class=\"elementor-widget-wrap elementor-element-populated\">\n\t\t\t\t\t\t<div class=\"elementor-element elementor-element-6eb0fda elementor-widget elementor-widget-heading\" data-id=\"6eb0fda\" data-element_type=\"widget\" data-widget_type=\"heading.default\">\n\t\t\t\t<div class=\"elementor-widget-container\">\n\t\t\t<h3 class=\"elementor-heading-title elementor-size-default\">Sie wollen mehr \u00fcber den italienischen Markt erfahren?\n<BR>Sie m\u00f6chten wissen, wie Sie die richtigen \u00dcbersetzer f\u00fcr Ihr Projekt finden?\n<BR>Sie wissen, wie wirksame Kommunikation funktioniert?\n<\/h3>\t\t<\/div>\n\t\t\t\t<\/div>\n\t\t\t\t<div class=\"elementor-element elementor-element-e16a845 elementor-widget elementor-widget-text-editor\" data-id=\"e16a845\" data-element_type=\"widget\" data-widget_type=\"text-editor.default\">\n\t\t\t\t<div class=\"elementor-widget-container\">\n\t\t\t\t\t\t\t<p>All diese Themen und mehr behandle ich in meinem Blog. Schauen Sie einfach rein, wenn Sie schnelle und informative Tipps suchen.<\/p>\t\t\t\t\t\t<\/div>\n\t\t\t\t<\/div>\n\t\t\t\t\t<\/div>\n\t\t<\/div>\n\t\t\t\t\t<\/div>\n\t\t<\/section>\n\t\t\t\t<section class=\"elementor-section elementor-top-section elementor-element elementor-element-202be79 elementor-section-boxed elementor-section-height-default elementor-section-height-default\" data-id=\"202be79\" data-element_type=\"section\" data-settings=\"{&quot;jet_parallax_layout_list&quot;:[{&quot;jet_parallax_layout_image&quot;:{&quot;url&quot;:&quot;&quot;,&quot;id&quot;:&quot;&quot;,&quot;size&quot;:&quot;&quot;},&quot;_id&quot;:&quot;cf4d391&quot;,&quot;jet_parallax_layout_image_tablet&quot;:{&quot;url&quot;:&quot;&quot;,&quot;id&quot;:&quot;&quot;,&quot;size&quot;:&quot;&quot;},&quot;jet_parallax_layout_image_mobile&quot;:{&quot;url&quot;:&quot;&quot;,&quot;id&quot;:&quot;&quot;,&quot;size&quot;:&quot;&quot;},&quot;jet_parallax_layout_speed&quot;:{&quot;unit&quot;:&quot;%&quot;,&quot;size&quot;:50,&quot;sizes&quot;:[]},&quot;jet_parallax_layout_type&quot;:&quot;scroll&quot;,&quot;jet_parallax_layout_direction&quot;:null,&quot;jet_parallax_layout_fx_direction&quot;:null,&quot;jet_parallax_layout_z_index&quot;:&quot;&quot;,&quot;jet_parallax_layout_bg_x&quot;:50,&quot;jet_parallax_layout_bg_x_tablet&quot;:&quot;&quot;,&quot;jet_parallax_layout_bg_x_mobile&quot;:&quot;&quot;,&quot;jet_parallax_layout_bg_y&quot;:50,&quot;jet_parallax_layout_bg_y_tablet&quot;:&quot;&quot;,&quot;jet_parallax_layout_bg_y_mobile&quot;:&quot;&quot;,&quot;jet_parallax_layout_bg_size&quot;:&quot;auto&quot;,&quot;jet_parallax_layout_bg_size_tablet&quot;:&quot;&quot;,&quot;jet_parallax_layout_bg_size_mobile&quot;:&quot;&quot;,&quot;jet_parallax_layout_animation_prop&quot;:&quot;transform&quot;,&quot;jet_parallax_layout_on&quot;:[&quot;desktop&quot;,&quot;tablet&quot;]}]}\">\n\t\t\t\t\t\t<div class=\"elementor-container elementor-column-gap-default\">\n\t\t\t\t\t<div class=\"elementor-column elementor-col-100 elementor-top-column elementor-element elementor-element-42f9822\" data-id=\"42f9822\" data-element_type=\"column\">\n\t\t\t<div class=\"elementor-widget-wrap elementor-element-populated\">\n\t\t\t\t\t\t<div class=\"elementor-element elementor-element-dd0924b elementor-widget elementor-widget-dt-blog-posts\" data-id=\"dd0924b\" data-element_type=\"widget\" data-widget_type=\"dt-blog-posts.default\">\n\t\t\t\t<div class=\"elementor-widget-container\">\n\t\t\t<div class=\"dt-sc-posts-list-wrapper \"><div class='tpl-blog-holder apply-isotope'><div class='grid-sizer column dt-sc-one-third dt-sc-post-entry entry-grid-layout dt-sc-classic-style  dt-sc-default-hover dt-sc-default-overlay alignnone'><\/div><div class=\"column dt-sc-one-third dt-sc-post-entry entry-grid-layout dt-sc-classic-style  dt-sc-default-hover dt-sc-default-overlay alignnone first\"><article id=\"post-23653\" class=\"blog-entry format-standard post-23653 post type-post status-publish has-post-thumbnail hentry category-uebersetzung\">\t\t\t<!-- Featured Image -->\r\n\t\t\t<div class=\"entry-thumb\">\r\n\t\t\t\t\t\t<a href=\"https:\/\/www.brigattitraduzioni.it\/de\/vorteile-der-zusammenarbeit-mit-einem-technischen-uebersetzer\/\" title=\"Permalink to Vorteile der Zusammenarbeit mit einem technischen \u00dcbersetzer\">\r\n\t\t\t<img fetchpriority=\"high\" decoding=\"async\" width=\"520\" height=\"345\" src=\"https:\/\/www.brigattitraduzioni.it\/wp-content\/uploads\/2021\/06\/blog-2-520x345.jpg\" class=\"attachment-beaux-blog-iii-column size-beaux-blog-iii-column wp-post-image\" alt=\"\" \/>\t\t<\/a>\r\n                \t\t\t<\/div><!-- Featured Image -->\r\n        <!-- Entry Title -->\r\n        <div class=\"entry-title\">\r\n        \t\r\n\t<h4>\r\n\t        \t<a href=\"https:\/\/www.brigattitraduzioni.it\/de\/vorteile-der-zusammenarbeit-mit-einem-technischen-uebersetzer\/\" title=\"Permalink to Vorteile der Zusammenarbeit mit einem technischen \u00dcbersetzer\">Vorteile der Zusammenarbeit mit einem technischen \u00dcbersetzer<\/a>\r\n\t<\/h4>        <\/div><!-- Entry Title -->\r\n        <!-- Entry Date -->\r\n        <div class=\"entry-date\">\r\n        \t\r\n        <i class=\"pe-icon pe-date\"> <\/i>\r\n        Juni 29, 2021        <\/div><!-- Entry Date --><!-- Entry Button --><div class=\"entry-button\"><a href=\"https:\/\/www.brigattitraduzioni.it\/de\/vorteile-der-zusammenarbeit-mit-einem-technischen-uebersetzer\/\" title=\"Vorteile der Zusammenarbeit mit einem technischen \u00dcbersetzer\" class=\"dt-sc-button\">Read More<span class=\"fas fa-long-arrow-alt-right\"><\/span><\/a><\/div><!-- Entry Button --><\/article><\/div><div class=\"column dt-sc-one-third dt-sc-post-entry entry-grid-layout dt-sc-classic-style  dt-sc-default-hover dt-sc-default-overlay alignnone\"><article id=\"post-23659\" class=\"blog-entry format-standard post-23659 post type-post status-publish has-post-thumbnail hentry category-uebersetzung\">\t\t\t<!-- Featured Image -->\r\n\t\t\t<div class=\"entry-thumb\">\r\n\t\t\t\t\t\t<a href=\"https:\/\/www.brigattitraduzioni.it\/de\/warum-ihr-unternehmen-marketing-uebersetzungen-braucht\/\" title=\"Permalink to Warum Ihr Unternehmen Marketing-\u00dcbersetzungen braucht\">\r\n\t\t\t<img decoding=\"async\" width=\"520\" height=\"345\" src=\"https:\/\/www.brigattitraduzioni.it\/wp-content\/uploads\/2021\/06\/blog-1-520x345.jpg\" class=\"attachment-beaux-blog-iii-column size-beaux-blog-iii-column wp-post-image\" alt=\"\" \/>\t\t<\/a>\r\n                \t\t\t<\/div><!-- Featured Image -->\r\n        <!-- Entry Title -->\r\n        <div class=\"entry-title\">\r\n        \t\r\n\t<h4>\r\n\t        \t<a href=\"https:\/\/www.brigattitraduzioni.it\/de\/warum-ihr-unternehmen-marketing-uebersetzungen-braucht\/\" title=\"Permalink to Warum Ihr Unternehmen Marketing-\u00dcbersetzungen braucht\">Warum Ihr Unternehmen Marketing-\u00dcbersetzungen braucht<\/a>\r\n\t<\/h4>        <\/div><!-- Entry Title -->\r\n        <!-- Entry Date -->\r\n        <div class=\"entry-date\">\r\n        \t\r\n        <i class=\"pe-icon pe-date\"> <\/i>\r\n        Juni 4, 2021        <\/div><!-- Entry Date --><!-- Entry Button --><div class=\"entry-button\"><a href=\"https:\/\/www.brigattitraduzioni.it\/de\/warum-ihr-unternehmen-marketing-uebersetzungen-braucht\/\" title=\"Warum Ihr Unternehmen Marketing-\u00dcbersetzungen braucht\" class=\"dt-sc-button\">Read More<span class=\"fas fa-long-arrow-alt-right\"><\/span><\/a><\/div><!-- Entry Button --><\/article><\/div><\/div><\/div>\t\t<\/div>\n\t\t\t\t<\/div>\n\t\t\t\t<div class=\"elementor-element elementor-element-731fbc1 elementor-widget elementor-widget-spacer\" data-id=\"731fbc1\" data-element_type=\"widget\" data-widget_type=\"spacer.default\">\n\t\t\t\t<div class=\"elementor-widget-container\">\n\t\t\t\t\t<div class=\"elementor-spacer\">\n\t\t\t<div class=\"elementor-spacer-inner\"><\/div>\n\t\t<\/div>\n\t\t\t\t<\/div>\n\t\t\t\t<\/div>\n\t\t\t\t\t<\/div>\n\t\t<\/div>\n\t\t\t\t\t<\/div>\n\t\t<\/section>\n\t\t\t\t<\/div>\n\t\t","protected":false},"excerpt":{"rendered":"<p>Sie wollen mehr \u00fcber den italienischen Markt erfahren? Sie m\u00f6chten wissen, wie Sie die richtigen \u00dcbersetzer f\u00fcr Ihr Projekt finden? Sie wissen, wie wirksame Kommunikation funktioniert? All diese Themen und mehr behandle ich in meinem Blog. Schauen Sie einfach rein, wenn Sie schnelle und informative Tipps suchen. No Posts Found<\/p>\n","protected":false},"author":1,"featured_media":0,"parent":0,"menu_order":0,"comment_status":"closed","ping_status":"closed","template":"","meta":{"footnotes":""},"yoast_head":"<!-- This site is optimized with the Yoast SEO plugin v22.6 - https:\/\/yoast.com\/wordpress\/plugins\/seo\/ -->\r\n<title>Erfahren Sie mehr \u00fcber technische und Marketing-\u00dcbersetzungen ins Italienische!<\/title>\r\n<meta name=\"description\" content=\"Erfahren Sie mehr \u00fcber den italienischen Markt, \u00dcbersetzungen aus dem Deutschen und Englischen ins Italienische, Transkreation ins Italienische usw.!\" \/>\r\n<meta name=\"robots\" content=\"index, follow, max-snippet:-1, max-image-preview:large, max-video-preview:-1\" \/>\r\n<link rel=\"canonical\" href=\"https:\/\/www.brigattitraduzioni.it\/de\/blog\/\" \/>\r\n<meta property=\"og:locale\" content=\"de_DE\" \/>\r\n<meta property=\"og:type\" content=\"article\" \/>\r\n<meta property=\"og:title\" content=\"Erfahren Sie mehr \u00fcber technische und Marketing-\u00dcbersetzungen ins Italienische!\" \/>\r\n<meta property=\"og:description\" content=\"Erfahren Sie mehr \u00fcber den italienischen Markt, \u00dcbersetzungen aus dem Deutschen und Englischen ins Italienische, Transkreation ins Italienische usw.!\" \/>\r\n<meta property=\"og:url\" content=\"https:\/\/www.brigattitraduzioni.it\/de\/blog\/\" \/>\r\n<meta property=\"og:site_name\" content=\"Donatella Brigatti\" \/>\r\n<meta property=\"article:modified_time\" content=\"2021-06-29T07:33:45+00:00\" \/>\r\n<meta name=\"twitter:card\" content=\"summary_large_image\" \/>\r\n<meta name=\"twitter:label1\" content=\"Gesch\u00e4tzte Lesezeit\" \/>\n\t<meta name=\"twitter:data1\" content=\"1\u00a0Minute\" \/>\r\n<script type=\"application\/ld+json\" class=\"yoast-schema-graph\">{\"@context\":\"https:\/\/schema.org\",\"@graph\":[{\"@type\":\"WebPage\",\"@id\":\"https:\/\/www.brigattitraduzioni.it\/de\/blog\/\",\"url\":\"https:\/\/www.brigattitraduzioni.it\/de\/blog\/\",\"name\":\"Erfahren Sie mehr \u00fcber technische und Marketing-\u00dcbersetzungen ins Italienische!\",\"isPartOf\":{\"@id\":\"https:\/\/www.brigattitraduzioni.it\/#website\"},\"datePublished\":\"2020-03-25T07:40:17+00:00\",\"dateModified\":\"2021-06-29T07:33:45+00:00\",\"description\":\"Erfahren Sie mehr \u00fcber den italienischen Markt, \u00dcbersetzungen aus dem Deutschen und Englischen ins Italienische, Transkreation ins Italienische usw.!\",\"breadcrumb\":{\"@id\":\"https:\/\/www.brigattitraduzioni.it\/de\/blog\/#breadcrumb\"},\"inLanguage\":\"de\",\"potentialAction\":[{\"@type\":\"ReadAction\",\"target\":[\"https:\/\/www.brigattitraduzioni.it\/de\/blog\/\"]}]},{\"@type\":\"BreadcrumbList\",\"@id\":\"https:\/\/www.brigattitraduzioni.it\/de\/blog\/#breadcrumb\",\"itemListElement\":[{\"@type\":\"ListItem\",\"position\":1,\"name\":\"Home\",\"item\":\"https:\/\/www.brigattitraduzioni.it\/de\/\"},{\"@type\":\"ListItem\",\"position\":2,\"name\":\"Blog\"}]},{\"@type\":\"WebSite\",\"@id\":\"https:\/\/www.brigattitraduzioni.it\/#website\",\"url\":\"https:\/\/www.brigattitraduzioni.it\/\",\"name\":\"Donatella Brigatti\",\"description\":\"Traduzioni\",\"potentialAction\":[{\"@type\":\"SearchAction\",\"target\":{\"@type\":\"EntryPoint\",\"urlTemplate\":\"https:\/\/www.brigattitraduzioni.it\/?s={search_term_string}\"},\"query-input\":\"required name=search_term_string\"}],\"inLanguage\":\"de\"}]}<\/script>\r\n<!-- \/ Yoast SEO plugin. -->","yoast_head_json":{"title":"Erfahren Sie mehr \u00fcber technische und Marketing-\u00dcbersetzungen ins Italienische!","description":"Erfahren Sie mehr \u00fcber den italienischen Markt, \u00dcbersetzungen aus dem Deutschen und Englischen ins Italienische, Transkreation ins Italienische usw.!","robots":{"index":"index","follow":"follow","max-snippet":"max-snippet:-1","max-image-preview":"max-image-preview:large","max-video-preview":"max-video-preview:-1"},"canonical":"https:\/\/www.brigattitraduzioni.it\/de\/blog\/","og_locale":"de_DE","og_type":"article","og_title":"Erfahren Sie mehr \u00fcber technische und Marketing-\u00dcbersetzungen ins Italienische!","og_description":"Erfahren Sie mehr \u00fcber den italienischen Markt, \u00dcbersetzungen aus dem Deutschen und Englischen ins Italienische, Transkreation ins Italienische usw.!","og_url":"https:\/\/www.brigattitraduzioni.it\/de\/blog\/","og_site_name":"Donatella Brigatti","article_modified_time":"2021-06-29T07:33:45+00:00","twitter_card":"summary_large_image","twitter_misc":{"Gesch\u00e4tzte Lesezeit":"1\u00a0Minute"},"schema":{"@context":"https:\/\/schema.org","@graph":[{"@type":"WebPage","@id":"https:\/\/www.brigattitraduzioni.it\/de\/blog\/","url":"https:\/\/www.brigattitraduzioni.it\/de\/blog\/","name":"Erfahren Sie mehr \u00fcber technische und Marketing-\u00dcbersetzungen ins Italienische!","isPartOf":{"@id":"https:\/\/www.brigattitraduzioni.it\/#website"},"datePublished":"2020-03-25T07:40:17+00:00","dateModified":"2021-06-29T07:33:45+00:00","description":"Erfahren Sie mehr \u00fcber den italienischen Markt, \u00dcbersetzungen aus dem Deutschen und Englischen ins Italienische, Transkreation ins Italienische usw.!","breadcrumb":{"@id":"https:\/\/www.brigattitraduzioni.it\/de\/blog\/#breadcrumb"},"inLanguage":"de","potentialAction":[{"@type":"ReadAction","target":["https:\/\/www.brigattitraduzioni.it\/de\/blog\/"]}]},{"@type":"BreadcrumbList","@id":"https:\/\/www.brigattitraduzioni.it\/de\/blog\/#breadcrumb","itemListElement":[{"@type":"ListItem","position":1,"name":"Home","item":"https:\/\/www.brigattitraduzioni.it\/de\/"},{"@type":"ListItem","position":2,"name":"Blog"}]},{"@type":"WebSite","@id":"https:\/\/www.brigattitraduzioni.it\/#website","url":"https:\/\/www.brigattitraduzioni.it\/","name":"Donatella Brigatti","description":"Traduzioni","potentialAction":[{"@type":"SearchAction","target":{"@type":"EntryPoint","urlTemplate":"https:\/\/www.brigattitraduzioni.it\/?s={search_term_string}"},"query-input":"required name=search_term_string"}],"inLanguage":"de"}]}},"_links":{"self":[{"href":"https:\/\/www.brigattitraduzioni.it\/de\/wp-json\/wp\/v2\/pages\/23417"}],"collection":[{"href":"https:\/\/www.brigattitraduzioni.it\/de\/wp-json\/wp\/v2\/pages"}],"about":[{"href":"https:\/\/www.brigattitraduzioni.it\/de\/wp-json\/wp\/v2\/types\/page"}],"author":[{"embeddable":true,"href":"https:\/\/www.brigattitraduzioni.it\/de\/wp-json\/wp\/v2\/users\/1"}],"replies":[{"embeddable":true,"href":"https:\/\/www.brigattitraduzioni.it\/de\/wp-json\/wp\/v2\/comments?post=23417"}],"version-history":[{"count":9,"href":"https:\/\/www.brigattitraduzioni.it\/de\/wp-json\/wp\/v2\/pages\/23417\/revisions"}],"predecessor-version":[{"id":23669,"href":"https:\/\/www.brigattitraduzioni.it\/de\/wp-json\/wp\/v2\/pages\/23417\/revisions\/23669"}],"wp:attachment":[{"href":"https:\/\/www.brigattitraduzioni.it\/de\/wp-json\/wp\/v2\/media?parent=23417"}],"curies":[{"name":"wp","href":"https:\/\/api.w.org\/{rel}","templated":true}]}}